{"id":768,"date":"2024-01-14T16:08:44","date_gmt":"2024-01-14T16:08:44","guid":{"rendered":"https:\/\/jayatmarketing.com\/es\/?page_id=768"},"modified":"2024-02-23T04:23:22","modified_gmt":"2024-02-23T04:23:22","slug":"precios","status":"publish","type":"page","link":"https:\/\/jayatmarketing.com\/es\/precios\/","title":{"rendered":"Precios"},"content":{"rendered":"<p>[et_pb_section fb_built=&#8221;1&#8243; _builder_version=&#8221;4.4.5&#8243;][et_pb_row _builder_version=&#8221;4.4.5&#8243; width=&#8221;85%&#8221; max_width=&#8221;901px&#8221;][et_pb_column type=&#8221;4_4&#8243; _builder_version=&#8221;4.4.5&#8243;][et_pb_text _builder_version=&#8221;4.4.5&#8243;]<\/p>\n<h1 style=\"text-align: center;\">Cat\u00e1logo de Precios<\/h1>\n<p>[\/et_pb_text][et_pb_text _builder_version=&#8221;4.4.5&#8243;]<\/p>\n<h3 style=\"text-align: center;\">Cat\u00e1logo de Precios Para Nuestros Servicios de Dise\u00f1o Web, Plan de Mantenimiento, Campa\u00f1as Publicitarias y Administraci\u00f3n de Redes Sociales<\/h3>\n<p>[\/et_pb_text][et_pb_text _builder_version=&#8221;4.4.5&#8243;]<\/p>\n<p style=\"text-align: center;\">Precios V\u00e1lidos por 2024<\/p>\n<p>[\/et_pb_text][et_pb_pricing_tables _builder_version=&#8221;4.4.5&#8243;][et_pb_pricing_table title=&#8221;DISE\u00d1O SITIO WEB&#8221; subtitle=&#8221;Con Platillas Predise\u00f1adas y Customizadas&#8221; currency=&#8221;USD&#8221; per=&#8221;Pago \u00fanico&#8221; sum=&#8221;250&#8243; button_text_last_edited=&#8221;off|desktop&#8221; _builder_version=&#8221;4.4.5&#8243;]<\/p>\n<div><span style=\"color: #000000;\">Incluye:<\/span><\/div>\n<div><span style=\"color: #000000;\">-Dominio y hospedaje por 1 a\u00f1o<\/span><\/div>\n<div><span style=\"color: #000000;\">-Configuraci\u00f3n y carga de informaci\u00f3n en sitio web<\/span><\/div>\n<div><span style=\"color: #000000;\">-Configuraci\u00f3n de P\u00e1ginas: Acerca de, Contacto, Servicios, T\u00e9rminos de Servicio y Pol\u00edtica de Privacidad<\/span><\/div>\n<div><span style=\"color: #000000;\">-Configuraci\u00f3n B\u00e1sica SEO<\/span><\/div>\n<div><span style=\"color: #000000;\">-Administraci\u00f3n de su sitio por 1 a\u00f1o<\/span><\/div>\n<div><span style=\"color: #000000;\">-Tiempo entrega:2 a 5 d\u00edas<\/span><\/div>\n<div>\u00a0<\/div>\n<div><span style=\"color: #000000;\">-Renovaci\u00f3n anual $100 USD (Dominio, hospedaje y administraci\u00f3n)<\/span><\/div>\n<p>[\/et_pb_pricing_table][\/et_pb_pricing_tables][et_pb_pricing_tables _builder_version=&#8221;4.4.5&#8243;][et_pb_pricing_table title=&#8221;DISE\u00d1O SITIO WEB&#8221; subtitle=&#8221;Dise\u00f1o Web a Deseo Total de Cliente&#8221; currency=&#8221;USD&#8221; per=&#8221;Pago \u00fanico&#8221; sum=&#8221;500-1500&#8243; _builder_version=&#8221;4.4.5&#8243;]<\/p>\n<div><span style=\"color: #000000;\">Incluye:<\/span><\/div>\n<div><span style=\"color: #000000;\">-Dominio y hospedaje por 1 a\u00f1o<\/span><\/div>\n<div><span style=\"color: #000000;\">-Configuraci\u00f3n y carga de informaci\u00f3n en sitio web<\/span><\/div>\n<div><span style=\"color: #000000;\">-Configuraci\u00f3n de P\u00e1ginas: Acerca de, Contacto, Servicios, T\u00e9rminos de Servicio y Pol\u00edtica de Privacidad<\/span><\/div>\n<div><span style=\"color: #000000;\">-Configuraci\u00f3n B\u00e1sica SEO<\/span><\/div>\n<div><span style=\"color: #000000;\">-Administraci\u00f3n de su sitio por 1 a\u00f1o<\/span><\/div>\n<div><span style=\"color: #000000;\">-Tiempo entrega:30 a 45 d\u00edas<\/span><\/div>\n<div><span style=\"color: #000000;\">*Dise\u00f1o Web Desde Cero a deseo de cliente<\/span><\/div>\n<div>\u00a0<\/div>\n<div><span style=\"color: #000000;\">-Renovaci\u00f3n anual $100 USD (Dominio, hospedaje y administraci\u00f3n)<\/span><\/div>\n<p>[\/et_pb_pricing_table][\/et_pb_pricing_tables][et_pb_pricing_tables _builder_version=&#8221;4.4.5&#8243;][et_pb_pricing_table title=&#8221;DISE\u00d1O SITIO WEB&#8221; subtitle=&#8221;Tiends en l\u00ednea o Red Social&#8221; currency=&#8221;USD&#8221; per=&#8221;Pago \u00fanico&#8221; sum=&#8221;1000-1500&#8243; _builder_version=&#8221;4.4.5&#8243;]<\/p>\n<div><span style=\"color: #000000;\">*Dise\u00f1o Web Red Social o Tienda en L\u00ednea Con Scripts Predise\u00f1ados<\/span><\/div>\n<div><span style=\"color: #000000;\">Incluye:<\/span><\/div>\n<div><span style=\"color: #000000;\">-Dominio y hospedaje por 1 a\u00f1o<\/span><\/div>\n<div><span style=\"color: #000000;\">-Configuraci\u00f3n y carga de informaci\u00f3n en sitio web<\/span><\/div>\n<div><span style=\"color: #000000;\">-Configuraci\u00f3n de P\u00e1ginas: Acerca de, Contacto, Servicios, T\u00e9rminos de Servicio y Pol\u00edtica de Privacidad<\/span><\/div>\n<div><span style=\"color: #000000;\">-Configuraci\u00f3n B\u00e1sica SEO<\/span><\/div>\n<div><span style=\"color: #000000;\">-Administraci\u00f3n de su sitio por 1 a\u00f1o<\/span><\/div>\n<div><span style=\"color: #000000;\">-Tiempo entrega:30 a 45 d\u00edas<\/span><\/div>\n<div>\u00a0<\/div>\n<div>\u00a0<\/div>\n<div><span style=\"color: #000000;\">-Renovaci\u00f3n anual $100 USD (Dominio, hospedaje y administraci\u00f3n)<\/span><\/div>\n<p>[\/et_pb_pricing_table][\/et_pb_pricing_tables][et_pb_pricing_tables _builder_version=&#8221;4.4.5&#8243;][et_pb_pricing_table title=&#8221;DISE\u00d1O SITIO WEB&#8221; subtitle=&#8221;Tienda en L\u00ednea o Red Social&#8221; currency=&#8221;USD&#8221; per=&#8221;Pago \u00fanico&#8221; sum=&#8221;1500-3000&#8243; _builder_version=&#8221;4.4.5&#8243;]<\/p>\n<div><span style=\"color: #000000;\">*Dise\u00f1o Web Red Social o Tienda en L\u00ednea Desde Cero<\/span><\/div>\n<div><span style=\"color: #000000;\">Incluye:<\/span><\/div>\n<div><span style=\"color: #000000;\">-Dominio y hospedaje por 1 a\u00f1o<\/span><\/div>\n<div><span style=\"color: #000000;\">-Configuraci\u00f3n y carga de informaci\u00f3n en sitio web<\/span><\/div>\n<div><span style=\"color: #000000;\">-Configuraci\u00f3n de P\u00e1ginas: Acerca de, Contacto, Servicios, T\u00e9rminos de Servicio y Pol\u00edtica de Privacidad<\/span><\/div>\n<div><span style=\"color: #000000;\">-Configuraci\u00f3n B\u00e1sica SEO<\/span><\/div>\n<div><span style=\"color: #000000;\">-Administraci\u00f3n de su sitio por 1 a\u00f1o<\/span><\/div>\n<div><span style=\"color: #000000;\">-Tiempo entrega:30 a 60 d\u00edas<\/span><\/div>\n<div>\u00a0<\/div>\n<div>\u00a0<\/div>\n<div>-Renovaci\u00f3n anual $100 USD (Dominio, hospedaje y administraci\u00f3n)<\/div>\n<p>[\/et_pb_pricing_table][\/et_pb_pricing_tables][et_pb_pricing_tables _builder_version=&#8221;4.4.5&#8243;][et_pb_pricing_table title=&#8221;PLAN DE MANTENIMIENTO&#8221; subtitle=&#8221;Plan de Mantenimiento Anual&#8221; currency=&#8221;USD&#8221; per=&#8221;Anual&#8221; sum=&#8221;150-300&#8243; _builder_version=&#8221;4.4.5&#8243;]<\/p>\n<p><span style=\"color: #000000;\">*Para Sitio Web de Negocios<\/span><br \/><span style=\"color: #000000;\">-Configuraci\u00f3n B\u00e1sica SEO<\/span><br \/><span style=\"color: #000000;\">-Administraci\u00f3n de su sitio por 1 a\u00f1o (Bajas, Altas y Cambios de Contenido)<\/span><br \/><span style=\"color: #000000;\">-Actualizaciones de archivos o plugins<\/span><\/p>\n<p>[\/et_pb_pricing_table][et_pb_pricing_table title=&#8221;PLAN MANTENIMIENTO&#8221; subtitle=&#8221;Planes de Mantenimiento Anual&#8221; currency=&#8221;USD&#8221; per=&#8221;Anual&#8221; sum=&#8221;300-500&#8243; _builder_version=&#8221;4.4.5&#8243;]<\/p>\n<p><span style=\"color: #000000;\">*Para Red Social o Tienda en L\u00ednea<\/span><br \/><span style=\"color: #000000;\">-Configuraci\u00f3n B\u00e1sica SEO<\/span><br \/><span style=\"color: #000000;\">-Administraci\u00f3n de su sitio por 1 a\u00f1o (Bajas, Altas y Cambios de Contenido)<\/span><br \/><span style=\"color: #000000;\">-Actualizaciones de archivos o plugins<\/span><\/p>\n<p>[\/et_pb_pricing_table][\/et_pb_pricing_tables][et_pb_pricing_tables _builder_version=&#8221;4.4.5&#8243;][et_pb_pricing_table title=&#8221;CAMPA\u00d1A PUBLICITARIA&#8221; subtitle=&#8221;Anuncios en Facebook o Google&#8221; currency=&#8221;USD&#8221; per=&#8221;Pago \u00fanico&#8221; sum=&#8221;50 + *IDC&#8221; _builder_version=&#8221;4.4.5&#8243;]<\/p>\n<div><span style=\"color: #000000;\">*IDC (Inversi\u00f3n de Cliente) para activaci\u00f3n de anuncio y tiempo de exposici\u00f3n<\/span><\/div>\n<div>\u00a0<\/div>\n<div><span style=\"color: #000000;\">Incluye:<\/span><\/div>\n<div><span style=\"color: #000000;\">-Creaci\u00f3n y gesti\u00f3n de la campa\u00f1a y promocionales<\/span><\/div>\n<div><span style=\"color: #000000;\">-Reporte de estad\u00edsticas de anuncio<\/span><\/div>\n<div><span style=\"color: #000000;\">-Inicio y paro de campa\u00f1a<\/span><\/div>\n<p>[\/et_pb_pricing_table][\/et_pb_pricing_tables][et_pb_pricing_tables _builder_version=&#8221;4.4.5&#8243;][et_pb_pricing_table title=&#8221;DISE\u00d1O GRAFICO&#8221; subtitle=&#8221;Dise\u00f1o Por evento&#8221; currency=&#8221;USD&#8221; per=&#8221;Pago \u00fanico&#8221; sum=&#8221;15-50&#8243; _builder_version=&#8221;4.4.5&#8243;]<\/p>\n<p><span style=\"color: #000000;\">*Creaci\u00f3n de Gr\u00e1ficos Varios Por Evento<\/span><br \/><span style=\"color: #000000;\">Incluye creaci\u00f3n de:<\/span><br \/><span style=\"color: #000000;\">-Logos, Banners, Folletos, Portadas, promocionales y M\u00e1s<\/span><\/p>\n<p>[\/et_pb_pricing_table][et_pb_pricing_table title=&#8221;DISE\u00d1O GRAFICO&#8221; subtitle=&#8221;Creaci\u00f3n de Gr\u00e1ficos Varios Por Mes&#8221; currency=&#8221;USD&#8221; per=&#8221;Mensual&#8221; sum=&#8221;150-450&#8243; _builder_version=&#8221;4.4.5&#8243;]<\/p>\n<p><span style=\"color: #000000;\">*Creaci\u00f3n de Gr\u00e1ficos Varios Por Mes<\/span><br \/><span style=\"color: #000000;\">Incluye creaci\u00f3n de:<\/span><br \/><span style=\"color: #000000;\">-Logos, Banners, Folletos, Portadas, promocionales y M\u00e1s<\/span><\/p>\n<p>[\/et_pb_pricing_table][\/et_pb_pricing_tables][et_pb_pricing_tables _builder_version=&#8221;4.4.5&#8243;][et_pb_pricing_table title=&#8221;VIDEO MARKETING&#8221; subtitle=&#8221;video 30 segundos&#8221; currency=&#8221;USD&#8221; per=&#8221;Pago \u00fanico&#8221; sum=&#8221;50-250&#8243; _builder_version=&#8221;4.4.5&#8243;]<\/p>\n<p><span style=\"color: #000000;\">*Creaci\u00f3n de Video 30 segundos<\/span><br \/><span style=\"color: #000000;\">-Dise\u00f1o din\u00e1mico y customizado<\/span><\/p>\n<p>[\/et_pb_pricing_table][et_pb_pricing_table title=&#8221;VIDEO MARKETING&#8221; subtitle=&#8221;Video 1 min&#8221; currency=&#8221;USD&#8221; per=&#8221;Pago \u00fanico&#8221; sum=&#8221;300-500&#8243; currency_tablet=&#8221;&#8221; currency_phone=&#8221;&#8221; currency_last_edited=&#8221;on|desktop&#8221; _builder_version=&#8221;4.4.5&#8243;]<\/p>\n<p><span style=\"color: #000000;\">*Creaci\u00f3n de Video 1 minuto<\/span><br \/><span style=\"color: #000000;\">-Dise\u00f1o din\u00e1mico y customizado<\/span><\/p>\n<p>[\/et_pb_pricing_table][\/et_pb_pricing_tables][et_pb_pricing_tables _builder_version=&#8221;4.4.5&#8243; hover_enabled=&#8221;0&#8243;][et_pb_pricing_table title=&#8221;COMMUNITY MANAGER&#8221; subtitle=&#8221;Administraci\u00f3n de hasta 3 Redes Sociales Plan Mensual&#8221; currency=&#8221;USD&#8221; per=&#8221;Mensual&#8221; sum=&#8221;150&#8243; _builder_version=&#8221;4.4.5&#8243; hover_enabled=&#8221;0&#8243;]<\/p>\n<p><span style=\"color: #000000;\">Administraci\u00f3n de hasta 3 Redes Sociales\u00a0Plan Mensual<\/span><\/p>\n<p><span style=\"color: #000000;\">Incluye: Gr\u00e1ficos, banners, memes, frases, textos con publicaciones diarias de contenido, m\u00e1s 2 videos por mes + interacci\u00f3n con sus visitantes o seguidores.<\/span><\/p>\n<p>[\/et_pb_pricing_table][et_pb_pricing_table title=&#8221;COMMUNITY MANAGER&#8221; subtitle=&#8221;Administraci\u00f3n de Hasta 3 Redes Sociales Plan Anual&#8221; currency=&#8221;USD&#8221; per=&#8221;Anual&#8221; sum=&#8221;1500&#8243; _builder_version=&#8221;4.4.5&#8243;]<\/p>\n<p>Administraci\u00f3n de Hasta 3 Redes Sociales\u00a0Plan Anual<\/p>\n<p>Incluye: Gr\u00e1ficos, banners, memes, frases, textos con publicaciones diarias de contenido, m\u00e1s 2 videos por mes + interacci\u00f3n con sus visitantes o seguidores<\/p>\n<p>[\/et_pb_pricing_table][\/et_pb_pricing_tables][\/et_pb_column][\/et_pb_row][\/et_pb_section]<\/p>\n","protected":false},"excerpt":{"rendered":"<p>[et_pb_section fb_built=&#8221;1&#8243; _builder_version=&#8221;4.4.5&#8243;][et_pb_row _builder_version=&#8221;4.4.5&#8243; width=&#8221;85%&#8221; max_width=&#8221;901px&#8221;][et_pb_column type=&#8221;4_4&#8243; _builder_version=&#8221;4.4.5&#8243;][et_pb_text _builder_version=&#8221;4.4.5&#8243;] Cat\u00e1logo de Precios [\/et_pb_text][et_pb_text _builder_version=&#8221;4.4.5&#8243;] Cat\u00e1logo de Precios Para Nuestros Servicios de Dise\u00f1o Web, Plan de Mantenimiento, Campa\u00f1as Publicitarias y Administraci\u00f3n de Redes Sociales [\/et_pb_text][et_pb_text _builder_version=&#8221;4.4.5&#8243;] Precios V\u00e1lidos por 2024 [\/et_pb_text][et_pb_pricing_tables _builder_version=&#8221;4.4.5&#8243;][et_pb_pricing_table title=&#8221;DISE\u00d1O SITIO WEB&#8221; subtitle=&#8221;Con Platillas Predise\u00f1adas y Customizadas&#8221; currency=&#8221;USD&#8221; per=&#8221;Pago \u00fanico&#8221; sum=&#8221;250&#8243; button_text_last_edited=&#8221;off|desktop&#8221; _builder_version=&#8221;4.4.5&#8243;] [&hellip;]<\/p>\n","protected":false},"author":1,"featured_media":0,"parent":0,"menu_order":0,"comment_status":"closed","ping_status":"closed","template":"","meta":{"_et_pb_use_builder":"on","_et_pb_old_content":"","_et_gb_content_width":"","footnotes":""},"class_list":["post-768","page","type-page","status-publish","hentry"],"_links":{"self":[{"href":"https:\/\/jayatmarketing.com\/es\/wp-json\/wp\/v2\/pages\/768","targetHints":{"allow":["GET"]}}],"collection":[{"href":"https:\/\/jayatmarketing.com\/es\/wp-json\/wp\/v2\/pages"}],"about":[{"href":"https:\/\/jayatmarketing.com\/es\/wp-json\/wp\/v2\/types\/page"}],"author":[{"embeddable":true,"href":"https:\/\/jayatmarketing.com\/es\/wp-json\/wp\/v2\/users\/1"}],"replies":[{"embeddable":true,"href":"https:\/\/jayatmarketing.com\/es\/wp-json\/wp\/v2\/comments?post=768"}],"version-history":[{"count":12,"href":"https:\/\/jayatmarketing.com\/es\/wp-json\/wp\/v2\/pages\/768\/revisions"}],"predecessor-version":[{"id":839,"href":"https:\/\/jayatmarketing.com\/es\/wp-json\/wp\/v2\/pages\/768\/revisions\/839"}],"wp:attachment":[{"href":"https:\/\/jayatmarketing.com\/es\/wp-json\/wp\/v2\/media?parent=768"}],"curies":[{"name":"wp","href":"https:\/\/api.w.org\/{rel}","templated":true}]}}